{"id":4,"date":"2017-08-18T08:12:47","date_gmt":"2017-08-18T08:12:47","guid":{"rendered":"https:\/\/martin-markeli.com\/?page_id=4"},"modified":"2021-04-09T12:44:32","modified_gmt":"2021-04-09T12:44:32","slug":"about","status":"publish","type":"page","link":"https:\/\/martin-markeli.com\/index.php\/about\/","title":{"rendered":"about"},"content":{"rendered":"<h2>Martin Markeli&nbsp;<\/h2>\n<pre>ATELIER \/ STUDIO \nMuseumsQuartier Vienna  \nMusuemsplatz 1, electric avenue, Quartier 21\n1070 Vienna,Austria \n<\/pre>\n<p>4 further information send mail to fbi@primary.at<\/p>\n<p>The Stash Im MuseumsQuartier Vienna \u201eStash\u201c konzentriert sich alles, was seit 2002 vom Licht- und Objektk\u00fcnstler Martin Markeli realisiert und gesammelt wurde. Es ist jener Raum, der die unterschiedlichen Phasen der k\u00fcnstlerischen Auseinandersetzung einf\u00e4ngt und als Zugang zu seiner Vorstellungswelt verstanden werden kann. Zu dieser geh\u00f6ren, elektrische Autorennbahnen, Miniaturfiguren als auch Lichtinstallationen. Hier entstehen aber auch jene Ideen, die nach au\u00dfen getragen werden, den \u00f6ffentlichen Raum ver\u00e4ndern und neue Erfahrungen zwischen Objekt, Menschen und Raum erlauben.<\/p>\n<p>&nbsp;<\/p>\n<p>The Stash<\/p>\n<p>Everything that has been realized and collected by the light and object artist Martin Markeli since 2002 is concentrated in the \u201cStash\u201d. It is the space that captures the different phases of artistic engagement and can be understood as access to the world of his imagination. This includes electric car racing tracks, miniature figures and light installations. But this is also where those ideas emerge that are carried outwards, change the public space and allow new experiences between objects, people and space.<\/p>\n<p>&nbsp;<\/p>\n\n\n<figure class=\"wp-block-image\"><img loading=\"lazy\" decoding=\"async\" width=\"1635\" height=\"1040\" src=\"https:\/\/martin-markeli.com\/wp-content\/uploads\/2019\/05\/1336108800_7fd86ea64f_o.jpg\" alt=\"\" class=\"wp-image-501\"\/><\/figure>\n","protected":false},"excerpt":{"rendered":"<p>Martin Markeli&nbsp; ATELIER \/ STUDIO MuseumsQuartier Vienna Musuemsplatz 1, electric avenue, Quartier 21 1070 Vienna,Austria 4 further information send mail to fbi@primary.at The Stash Im MuseumsQuartier Vienna \u201eStash\u201c konzentriert sich alles, was seit 2002 vom Licht- und Objektk\u00fcnstler Martin Markeli realisiert und gesammelt wurde. Es ist jener Raum, der die unterschiedlichen Phasen der k\u00fcnstlerischen Auseinandersetzung [&hellip;]<\/p>\n","protected":false},"author":1,"featured_media":0,"parent":0,"menu_order":0,"comment_status":"closed","ping_status":"closed","template":"","meta":{"ngg_post_thumbnail":0,"footnotes":""},"class_list":["post-4","page","type-page","status-publish","hentry"],"_links":{"self":[{"href":"https:\/\/martin-markeli.com\/index.php\/wp-json\/wp\/v2\/pages\/4","targetHints":{"allow":["GET"]}}],"collection":[{"href":"https:\/\/martin-markeli.com\/index.php\/wp-json\/wp\/v2\/pages"}],"about":[{"href":"https:\/\/martin-markeli.com\/index.php\/wp-json\/wp\/v2\/types\/page"}],"author":[{"embeddable":true,"href":"https:\/\/martin-markeli.com\/index.php\/wp-json\/wp\/v2\/users\/1"}],"replies":[{"embeddable":true,"href":"https:\/\/martin-markeli.com\/index.php\/wp-json\/wp\/v2\/comments?post=4"}],"version-history":[{"count":24,"href":"https:\/\/martin-markeli.com\/index.php\/wp-json\/wp\/v2\/pages\/4\/revisions"}],"predecessor-version":[{"id":1351,"href":"https:\/\/martin-markeli.com\/index.php\/wp-json\/wp\/v2\/pages\/4\/revisions\/1351"}],"wp:attachment":[{"href":"https:\/\/martin-markeli.com\/index.php\/wp-json\/wp\/v2\/media?parent=4"}],"curies":[{"name":"wp","href":"https:\/\/api.w.org\/{rel}","templated":true}]}}